{"id":15,"date":"2025-10-24T10:50:28","date_gmt":"2025-10-24T10:50:28","guid":{"rendered":"https:\/\/dangarita.mkgv1.com.es\/dangaritawp\/?page_id=15"},"modified":"2025-12-07T13:54:38","modified_gmt":"2025-12-07T13:54:38","slug":"pagina-de-inicio","status":"publish","type":"page","link":"https:\/\/dangarita.mkgv1.com.es\/dangaritawp\/","title":{"rendered":"INICIO"},"content":{"rendered":"\n<div class=\"wp-block-group has-global-padding is-layout-constrained wp-block-group-is-layout-constrained\">\n<div class=\"wp-block-cover\"><img loading=\"lazy\" decoding=\"async\" width=\"683\" height=\"1024\" class=\"wp-block-cover__image-background wp-image-183\" alt=\"\" src=\"https:\/\/dangarita.mkgv1.com.es\/dangaritawp\/wp-content\/uploads\/2025\/11\/b68f7c8a76f3d45602f2da410e26e6e3.jpg\" data-object-fit=\"cover\" srcset=\"https:\/\/dangarita.mkgv1.com.es\/dangaritawp\/wp-content\/uploads\/2025\/11\/b68f7c8a76f3d45602f2da410e26e6e3.jpg 683w, https:\/\/dangarita.mkgv1.com.es\/dangaritawp\/wp-content\/uploads\/2025\/11\/b68f7c8a76f3d45602f2da410e26e6e3-200x300.jpg 200w\" sizes=\"auto, (max-width: 683px) 100vw, 683px\" \/><span aria-hidden=\"true\" class=\"wp-block-cover__background has-background-dim\"><\/span><div class=\"wp-block-cover__inner-container is-layout-flow wp-block-cover-is-layout-flow\">\n<p class=\"has-text-align-center has-large-font-size\">Alma-Zen Organiza tu vida renueva tu espacio<\/p>\n\n\n\n<p>Organizaci\u00f3n efectiva y est\u00e9tica que transforma. Creamos soluciones de almacenaje duraderas y bellas, especializadas en aprovechar cada espacio con materiales de efecto madera. Alma-Zen es tu aliada para un hogar perfectamente organizado. Desde el ba\u00f1o hasta la despensa, dise\u00f1amos sistemas a medida, funcionales y con el toque natural.<\/p>\n\n\n\n<div class=\"wp-block-buttons is-horizontal is-content-justification-center is-layout-flex wp-container-core-buttons-is-layout-03627597 wp-block-buttons-is-layout-flex\">\n<div class=\"wp-block-button is-style-outline is-style-outline--1\"><a class=\"wp-block-button__link has-small-font-size has-custom-font-size wp-element-button\" href=\"https:\/\/dangarita.mkgv1.com.es\/dangaritawp\/?page_id=16\" style=\"border-radius:0px\">ABOUT US<\/a><\/div>\n<\/div>\n<\/div><\/div>\n<\/div>\n\n\n\n<div id=\"services\" class=\"wp-block-group alignfull pattern_multiple_covers has-background has-global-padding is-layout-constrained wp-block-group-is-layout-constrained\">\n<p class=\"has-text-align-left has-secondary-color has-text-color\" style=\"letter-spacing:1px\">LET&#8217;S WORK TOGETHER!<\/p>\n\n\n\n<h2 class=\"wp-block-heading has-text-align-left\">Nuestros servicios <\/h2>\n\n\n\n<p class=\"has-text-align-left\">Transformamos el caos en bienestar. En Alma-Zen, dise\u00f1amos sistemas de organizaci\u00f3n que se adaptan a tu ritmo de vida, garantizando funcionalidad, eficiencia y la calidez del dise\u00f1o efecto madera en cada rinc\u00f3n.<\/p>\n\n\n\n<div style=\"height:46px\" aria-hidden=\"true\" class=\"wp-block-spacer\"><\/div>\n\n\n\n<div class=\"wp-block-columns is-layout-flex wp-container-core-columns-is-layout-28f84493 wp-block-columns-is-layout-flex\">\n<div class=\"wp-block-column is-vertically-aligned-center is-layout-flow wp-block-column-is-layout-flow\" style=\"padding-top:0;padding-right:0;padding-bottom:0;padding-left:0\">\n<div class=\"wp-block-cover has-custom-content-position is-position-bottom-left\" style=\"padding-top:var(--wp--preset--spacing--small);padding-right:var(--wp--preset--spacing--x-small);padding-bottom:var(--wp--preset--spacing--small);padding-left:var(--wp--preset--spacing--x-small)\"><img loading=\"lazy\" decoding=\"async\" width=\"575\" height=\"1024\" class=\"wp-block-cover__image-background wp-image-133 size-large\" alt=\"\" src=\"https:\/\/dangarita.mkgv1.com.es\/dangaritawp\/wp-content\/uploads\/2025\/11\/pagina-web-org-1-575x1024.jpg\" data-object-fit=\"cover\" srcset=\"https:\/\/dangarita.mkgv1.com.es\/dangaritawp\/wp-content\/uploads\/2025\/11\/pagina-web-org-1-575x1024.jpg 575w, https:\/\/dangarita.mkgv1.com.es\/dangaritawp\/wp-content\/uploads\/2025\/11\/pagina-web-org-1-168x300.jpg 168w, https:\/\/dangarita.mkgv1.com.es\/dangaritawp\/wp-content\/uploads\/2025\/11\/pagina-web-org-1.jpg 736w\" sizes=\"auto, (max-width: 575px) 100vw, 575px\" \/><span aria-hidden=\"true\" class=\"wp-block-cover__background has-primary-background-color has-background-dim-70 has-background-dim\"><\/span><div class=\"wp-block-cover__inner-container is-layout-flow wp-block-cover-is-layout-flow\">\n<h3 class=\"wp-block-heading has-white-color has-text-color has-medium-font-size\" style=\"margin-top:0;margin-right:0;margin-bottom:0;margin-left:0\">Armarios <\/h3>\n\n\n\n<p class=\"has-secondary-color has-text-color has-link-color wp-elements-2eac4d8f676664e6ac090355244df206\" style=\"margin-top:0;margin-right:0;margin-bottom:0;margin-left:0\"><a href=\"https:\/\/dangarita.mkgv1.com.es\/dangaritawp\/?page_id=309\">Explore more \u2192<\/a><\/p>\n<\/div><\/div>\n<\/div>\n\n\n\n<div class=\"wp-block-column is-layout-flow wp-block-column-is-layout-flow\" style=\"padding-top:0;padding-right:0;padding-bottom:0;padding-left:0\">\n<div class=\"wp-block-cover has-custom-content-position is-position-bottom-left\" style=\"padding-top:var(--wp--preset--spacing--small);padding-right:var(--wp--preset--spacing--x-small);padding-bottom:var(--wp--preset--spacing--small);padding-left:var(--wp--preset--spacing--x-small)\"><img loading=\"lazy\" decoding=\"async\" width=\"559\" height=\"1024\" class=\"wp-block-cover__image-background wp-image-136 size-large\" alt=\"\" src=\"https:\/\/dangarita.mkgv1.com.es\/dangaritawp\/wp-content\/uploads\/2025\/11\/banos-organizacion-559x1024.jpg\" data-object-fit=\"cover\" srcset=\"https:\/\/dangarita.mkgv1.com.es\/dangaritawp\/wp-content\/uploads\/2025\/11\/banos-organizacion-559x1024.jpg 559w, https:\/\/dangarita.mkgv1.com.es\/dangaritawp\/wp-content\/uploads\/2025\/11\/banos-organizacion-164x300.jpg 164w, https:\/\/dangarita.mkgv1.com.es\/dangaritawp\/wp-content\/uploads\/2025\/11\/banos-organizacion.jpg 768w\" sizes=\"auto, (max-width: 559px) 100vw, 559px\" \/><span aria-hidden=\"true\" class=\"wp-block-cover__background has-primary-background-color has-background-dim-70 has-background-dim\"><\/span><div class=\"wp-block-cover__inner-container is-layout-flow wp-block-cover-is-layout-flow\">\n<h3 class=\"wp-block-heading has-white-color has-text-color has-medium-font-size\" style=\"margin-top:0;margin-right:0;margin-bottom:0;margin-left:0\">Ba\u00f1os <\/h3>\n\n\n\n<p class=\"has-secondary-color has-text-color has-link-color wp-elements-1c13ed6339a42cec2cee998add69f567\" style=\"margin-top:0;margin-right:0;margin-bottom:0;margin-left:0\"><a href=\"https:\/\/dangarita.mkgv1.com.es\/dangaritawp\/?page_id=337\">Explore more \u2192<\/a><\/p>\n<\/div><\/div>\n\n\n\n<div class=\"wp-block-cover has-custom-content-position is-position-bottom-left\" style=\"padding-top:var(--wp--preset--spacing--small);padding-right:var(--wp--preset--spacing--x-small);padding-bottom:var(--wp--preset--spacing--small);padding-left:var(--wp--preset--spacing--x-small)\"><img loading=\"lazy\" decoding=\"async\" width=\"574\" height=\"1024\" class=\"wp-block-cover__image-background wp-image-248 size-large\" alt=\"\" src=\"https:\/\/dangarita.mkgv1.com.es\/dangaritawp\/wp-content\/uploads\/2025\/11\/b1daf338e70931220bc69556ecf99dcd-574x1024.jpg\" data-object-fit=\"cover\" srcset=\"https:\/\/dangarita.mkgv1.com.es\/dangaritawp\/wp-content\/uploads\/2025\/11\/b1daf338e70931220bc69556ecf99dcd-574x1024.jpg 574w, https:\/\/dangarita.mkgv1.com.es\/dangaritawp\/wp-content\/uploads\/2025\/11\/b1daf338e70931220bc69556ecf99dcd-168x300.jpg 168w, https:\/\/dangarita.mkgv1.com.es\/dangaritawp\/wp-content\/uploads\/2025\/11\/b1daf338e70931220bc69556ecf99dcd.jpg 736w\" sizes=\"auto, (max-width: 574px) 100vw, 574px\" \/><span aria-hidden=\"true\" class=\"wp-block-cover__background has-primary-background-color has-background-dim-70 has-background-dim\"><\/span><div class=\"wp-block-cover__inner-container is-layout-flow wp-block-cover-is-layout-flow\">\n<h3 class=\"wp-block-heading has-white-color has-text-color has-medium-font-size\" style=\"margin-top:0;margin-right:0;margin-bottom:0;margin-left:0\">Oficina <\/h3>\n\n\n\n<p class=\"has-secondary-color has-text-color has-link-color wp-elements-5f84e5335cfa59111bc91fee548b0ab5\" style=\"margin-top:0;margin-right:0;margin-bottom:0;margin-left:0\"><a href=\"https:\/\/dangarita.mkgv1.com.es\/dangaritawp\/?page_id=325\">Explore more \u2192<\/a><\/p>\n<\/div><\/div>\n<\/div>\n\n\n\n<div class=\"wp-block-column is-layout-flow wp-block-column-is-layout-flow\" style=\"padding-top:0;padding-right:0;padding-bottom:0;padding-left:0\">\n<div class=\"wp-block-cover has-custom-content-position is-position-bottom-left\" style=\"padding-top:var(--wp--preset--spacing--small);padding-right:var(--wp--preset--spacing--x-small);padding-bottom:var(--wp--preset--spacing--small);padding-left:var(--wp--preset--spacing--x-small)\"><img loading=\"lazy\" decoding=\"async\" width=\"687\" height=\"1024\" class=\"wp-block-cover__image-background wp-image-137 size-large\" alt=\"\" src=\"https:\/\/dangarita.mkgv1.com.es\/dangaritawp\/wp-content\/uploads\/2025\/11\/cocina-orga-687x1024.jpg\" data-object-fit=\"cover\" srcset=\"https:\/\/dangarita.mkgv1.com.es\/dangaritawp\/wp-content\/uploads\/2025\/11\/cocina-orga-687x1024.jpg 687w, https:\/\/dangarita.mkgv1.com.es\/dangaritawp\/wp-content\/uploads\/2025\/11\/cocina-orga-201x300.jpg 201w, https:\/\/dangarita.mkgv1.com.es\/dangaritawp\/wp-content\/uploads\/2025\/11\/cocina-orga.jpg 736w\" sizes=\"auto, (max-width: 687px) 100vw, 687px\" \/><span aria-hidden=\"true\" class=\"wp-block-cover__background has-primary-background-color has-background-dim-70 has-background-dim\"><\/span><div class=\"wp-block-cover__inner-container is-layout-flow wp-block-cover-is-layout-flow\">\n<h3 class=\"wp-block-heading has-white-color has-text-color has-medium-font-size\" style=\"margin-top:0;margin-right:0;margin-bottom:0;margin-left:0\">Cocinas <\/h3>\n\n\n\n<p class=\"has-secondary-color has-text-color has-link-color wp-elements-337e7aaed12dee74e1c4240667127c8d\" style=\"margin-top:0;margin-right:0;margin-bottom:0;margin-left:0\"><a href=\"https:\/\/dangarita.mkgv1.com.es\/dangaritawp\/?page_id=298\">Explore more \u2192<\/a><\/p>\n<\/div><\/div>\n\n\n\n<div class=\"wp-block-cover has-custom-content-position is-position-bottom-left\" style=\"padding-top:var(--wp--preset--spacing--small);padding-right:var(--wp--preset--spacing--x-small);padding-bottom:var(--wp--preset--spacing--small);padding-left:var(--wp--preset--spacing--x-small)\"><img loading=\"lazy\" decoding=\"async\" width=\"564\" height=\"690\" class=\"wp-block-cover__image-background wp-image-247 size-full\" alt=\"\" src=\"https:\/\/dangarita.mkgv1.com.es\/dangaritawp\/wp-content\/uploads\/2025\/11\/160075c257ef9d29ef9d6764971fa4fd.jpg\" data-object-fit=\"cover\" srcset=\"https:\/\/dangarita.mkgv1.com.es\/dangaritawp\/wp-content\/uploads\/2025\/11\/160075c257ef9d29ef9d6764971fa4fd.jpg 564w, https:\/\/dangarita.mkgv1.com.es\/dangaritawp\/wp-content\/uploads\/2025\/11\/160075c257ef9d29ef9d6764971fa4fd-245x300.jpg 245w\" sizes=\"auto, (max-width: 564px) 100vw, 564px\" \/><span aria-hidden=\"true\" class=\"wp-block-cover__background has-primary-background-color has-background-dim-70 has-background-dim\"><\/span><div class=\"wp-block-cover__inner-container is-layout-flow wp-block-cover-is-layout-flow\">\n<h3 class=\"wp-block-heading has-white-color has-text-color has-medium-font-size\" style=\"margin-top:0;margin-right:0;margin-bottom:0;margin-left:0\">Sal\u00f3n <\/h3>\n\n\n\n<p class=\"has-secondary-color has-text-color has-link-color wp-elements-6e36dd8137272055a26ea35cddfe3552\" style=\"margin-top:0;margin-right:0;margin-bottom:0;margin-left:0\"><a href=\"https:\/\/dangarita.mkgv1.com.es\/dangaritawp\/?page_id=294\">Ver m\u00e1s  \u2192<\/a><\/p>\n<\/div><\/div>\n<\/div>\n<\/div>\n\n\n\n<div style=\"height:103px\" aria-hidden=\"true\" class=\"wp-block-spacer\"><\/div>\n<\/div>\n\n\n\n<div class=\"wp-block-group alignfull has-global-padding is-layout-constrained wp-block-group-is-layout-constrained\">\n<div class=\"wp-block-group has-global-padding is-layout-constrained wp-block-group-is-layout-constrained\" style=\"padding-top:var(--wp--preset--spacing--small);padding-bottom:var(--wp--preset--spacing--small)\">\n<div style=\"height:30px\" aria-hidden=\"true\" class=\"wp-block-spacer\"><\/div>\n\n\n\n<div class=\"wp-block-columns is-layout-flex wp-container-core-columns-is-layout-c375d253 wp-block-columns-is-layout-flex\">\n<div class=\"wp-block-column is-vertically-aligned-center is-layout-flow wp-block-column-is-layout-flow\">\n<h2 class=\"wp-block-heading has-medium-font-size\" style=\"text-transform:uppercase\">About us<\/h2>\n\n\n\n<p>Soy Diana, y s\u00e9 que el orden es el cimiento para el \u00e9xito adulto. Alma-zen es mi promesa de dise\u00f1o <strong>Original<\/strong> y <strong>Sostenible<\/strong> para garantizar la <strong>Practicidad<\/strong> y la <strong>Claridad Mental<\/strong> en tu espacio. Esta visi\u00f3n se extiende a nuestra asociaci\u00f3n, donde canalizamos la rebeld\u00eda juvenil en centros de menores hacia el aprendizaje de un oficio creativo. Al elegirnos, inviertes en la excelencia de tu hogar y financias la estructura de la pr\u00f3xima generaci\u00f3n de dise\u00f1adores responsables.<\/p>\n\n\n\n<div class=\"wp-block-buttons is-horizontal is-content-justification-left is-layout-flex wp-container-core-buttons-is-layout-20be11b6 wp-block-buttons-is-layout-flex\">\n<div class=\"wp-block-button is-style-outline is-style-outline--2\"><a class=\"wp-block-button__link wp-element-button\" href=\"https:\/\/dangarita.mkgv1.com.es\/dangaritawp\/?page_id=163\" style=\"border-radius:0px\">ABOUT US<\/a><\/div>\n<\/div>\n\n\n\n<p><\/p>\n<\/div>\n\n\n\n<div class=\"wp-block-column is-layout-flow wp-block-column-is-layout-flow\">\n<figure class=\"wp-block-image size-large\"><img loading=\"lazy\" decoding=\"async\" width=\"1024\" height=\"819\" src=\"https:\/\/dangarita.mkgv1.com.es\/dangaritawp\/wp-content\/uploads\/2025\/11\/Diseno-sin-titulo-4-1024x819.png\" alt=\"\" class=\"wp-image-139\" srcset=\"https:\/\/dangarita.mkgv1.com.es\/dangaritawp\/wp-content\/uploads\/2025\/11\/Diseno-sin-titulo-4-1024x819.png 1024w, https:\/\/dangarita.mkgv1.com.es\/dangaritawp\/wp-content\/uploads\/2025\/11\/Diseno-sin-titulo-4-300x240.png 300w, https:\/\/dangarita.mkgv1.com.es\/dangaritawp\/wp-content\/uploads\/2025\/11\/Diseno-sin-titulo-4.png 1500w\" sizes=\"auto, (max-width: 1024px) 100vw, 1024px\" \/><\/figure>\n<\/div>\n<\/div>\n\n\n\n<div style=\"height:30px\" aria-hidden=\"true\" class=\"wp-block-spacer\"><\/div>\n\n\n\n<h2 class=\"wp-block-heading\"><\/h2>\n<\/div>\n<\/div>\n\n\n\n<div class=\"wp-block-group alignfull portfolio-dark has-black-background-color has-background has-global-padding is-layout-constrained wp-block-group-is-layout-constrained\" id=\"portfolio\" style=\"margin-top:0px\">\n<p class=\"has-text-align-left has-text-color\" style=\"color:#0bb4aa;letter-spacing:1px\">FROM THE PORTFOLIO<\/p>\n\n\n\n<h2 class=\"wp-block-heading has-text-align-left has-white-color has-text-color has-large-font-size\">Nuestro trabajo <\/h2>\n\n\n\n<div class=\"wp-block-cover is-light\"><img loading=\"lazy\" decoding=\"async\" width=\"1024\" height=\"819\" class=\"wp-block-cover__image-background wp-image-157 size-large\" alt=\"\" src=\"https:\/\/dangarita.mkgv1.com.es\/dangaritawp\/wp-content\/uploads\/2025\/11\/Diseno-sin-titulo-4-1-1024x819.png\" data-object-fit=\"cover\" srcset=\"https:\/\/dangarita.mkgv1.com.es\/dangaritawp\/wp-content\/uploads\/2025\/11\/Diseno-sin-titulo-4-1-1024x819.png 1024w, https:\/\/dangarita.mkgv1.com.es\/dangaritawp\/wp-content\/uploads\/2025\/11\/Diseno-sin-titulo-4-1-300x240.png 300w, https:\/\/dangarita.mkgv1.com.es\/dangaritawp\/wp-content\/uploads\/2025\/11\/Diseno-sin-titulo-4-1.png 1500w\" sizes=\"auto, (max-width: 1024px) 100vw, 1024px\" \/><span aria-hidden=\"true\" class=\"wp-block-cover__background has-background-dim\" style=\"background-color:#a99d92\"><\/span><div class=\"wp-block-cover__inner-container has-global-padding is-layout-constrained wp-block-cover-is-layout-constrained\">\n<p class=\"has-text-align-center has-large-font-size\"><img loading=\"lazy\" decoding=\"async\" width=\"150\" height=\"124\" class=\"wp-image-86\" style=\"width: 150px;\" src=\"https:\/\/dangarita.mkgv1.com.es\/dangaritawp\/wp-content\/uploads\/2025\/11\/cropped-Diseno-sin-titulo-1.png\" alt=\"\" srcset=\"https:\/\/dangarita.mkgv1.com.es\/dangaritawp\/wp-content\/uploads\/2025\/11\/cropped-Diseno-sin-titulo-1.png 488w, https:\/\/dangarita.mkgv1.com.es\/dangaritawp\/wp-content\/uploads\/2025\/11\/cropped-Diseno-sin-titulo-1-300x248.png 300w\" sizes=\"auto, (max-width: 150px) 100vw, 150px\" \/><\/p>\n<\/div><\/div>\n<\/div>\n\n\n\n<div id=\"news\" class=\"wp-block-group has-global-padding is-layout-constrained wp-block-group-is-layout-constrained\">\n<div class=\"wp-block-query is-layout-flow wp-block-query-is-layout-flow\"><ul class=\"columns-3 wp-block-post-template is-layout-grid wp-container-core-post-template-is-layout-6aac66c0 wp-block-post-template-is-layout-grid\"><li class=\"wp-block-post post-114 post type-post status-publish format-standard has-post-thumbnail hentry category-uncategorized\">\n<figure style=\"width:100%;height:240px; margin-bottom:var(--wp--preset--spacing--x-small);\" class=\"wp-block-post-featured-image\"><a href=\"https:\/\/dangarita.mkgv1.com.es\/dangaritawp\/?p=114\" target=\"_self\"  style=\"height:240px\"><img loading=\"lazy\" decoding=\"async\" width=\"751\" height=\"200\" src=\"https:\/\/dangarita.mkgv1.com.es\/dangaritawp\/wp-content\/uploads\/2025\/11\/Tu-hogar-tambien-entrena-tu-mente-Crea-un-espacio-que-inspire.png\" class=\"attachment-post-thumbnail size-post-thumbnail wp-post-image\" alt=\"EL PODER OCULTO DE LA DESORGANIZACI\u00d3N\" style=\"border-radius:5px;height:240px;object-fit:cover;\" srcset=\"https:\/\/dangarita.mkgv1.com.es\/dangaritawp\/wp-content\/uploads\/2025\/11\/Tu-hogar-tambien-entrena-tu-mente-Crea-un-espacio-que-inspire.png 751w, https:\/\/dangarita.mkgv1.com.es\/dangaritawp\/wp-content\/uploads\/2025\/11\/Tu-hogar-tambien-entrena-tu-mente-Crea-un-espacio-que-inspire-300x80.png 300w\" sizes=\"auto, 100vw\" \/><\/a><\/figure>\n\n<div style=\"margin-top:0;margin-bottom:0;\" class=\"has-link-color wp-elements-81b22c36d1d8b884fcf13a99846b36c3 wp-block-post-date has-text-color has-tertiary-color\"><time datetime=\"2025-11-11T11:10:46+00:00\">noviembre 11, 2025<\/time><\/div>\n\n<div class=\"has-link-color wp-elements-61eeeb1d6c31f3761cb8bc35b6e1a095 wp-block-post-excerpt has-text-color has-tertiary-color\"><p class=\"wp-block-post-excerpt__excerpt\">Es una imagen familiar para muchos: una silla cubierta de ropa, una mesa de trabajo invadida por papeles o un trastero que parece haber explotado. A menudo, vemos la desorganizaci\u00f3n solo como un problema de espacio o est\u00e9tica.&hellip; <\/p><\/div>\n\n<a style=\"text-transform:uppercase; border-width:2px; padding-right:var(--wp--preset--spacing--x-small);padding-left:var(--wp--preset--spacing--x-small);padding-top:10px;padding-bottom:10px;\" class=\"wp-block-read-more has-text-color has-foreground-color\" href=\"https:\/\/dangarita.mkgv1.com.es\/dangaritawp\/?p=114\" target=\"_self\">saber m\u00e1s<span class=\"screen-reader-text\">: EL PODER OCULTO DE LA DESORGANIZACI\u00d3N<\/span><\/a>\n<\/li><li class=\"wp-block-post post-90 post type-post status-publish format-standard has-post-thumbnail hentry category-uncategorized\">\n<figure style=\"width:100%;height:240px; margin-bottom:var(--wp--preset--spacing--x-small);\" class=\"wp-block-post-featured-image\"><a href=\"https:\/\/dangarita.mkgv1.com.es\/dangaritawp\/?p=90\" target=\"_self\"  style=\"height:240px\"><img loading=\"lazy\" decoding=\"async\" width=\"1920\" height=\"1080\" src=\"https:\/\/dangarita.mkgv1.com.es\/dangaritawp\/wp-content\/uploads\/2025\/11\/Diseno-sin-titulo-2.png\" class=\"attachment-post-thumbnail size-post-thumbnail wp-post-image\" alt=\"Tu Hogar en Equilibrio: Almacenamiento Inteligente y el Poder de las Plantas\" style=\"border-radius:5px;height:240px;object-fit:cover;\" srcset=\"https:\/\/dangarita.mkgv1.com.es\/dangaritawp\/wp-content\/uploads\/2025\/11\/Diseno-sin-titulo-2.png 1920w, https:\/\/dangarita.mkgv1.com.es\/dangaritawp\/wp-content\/uploads\/2025\/11\/Diseno-sin-titulo-2-300x169.png 300w, https:\/\/dangarita.mkgv1.com.es\/dangaritawp\/wp-content\/uploads\/2025\/11\/Diseno-sin-titulo-2-1024x576.png 1024w\" sizes=\"auto, 100vw\" \/><\/a><\/figure>\n\n<div style=\"margin-top:0;margin-bottom:0;\" class=\"has-link-color wp-elements-81b22c36d1d8b884fcf13a99846b36c3 wp-block-post-date has-text-color has-tertiary-color\"><time datetime=\"2025-11-05T08:28:07+00:00\">noviembre 5, 2025<\/time><\/div>\n\n<div class=\"has-link-color wp-elements-61eeeb1d6c31f3761cb8bc35b6e1a095 wp-block-post-excerpt has-text-color has-tertiary-color\"><p class=\"wp-block-post-excerpt__excerpt\">En la fren\u00e9tica vida moderna, nuestro hogar se ha convertido en mucho m\u00e1s que un refugio; es nuestro centro de operaciones, nuestro gimnasio, nuestra oficina y, sobre todo, nuestro santuario de paz. Para que realmente cumpla con este&hellip; <\/p><\/div>\n\n<a style=\"text-transform:uppercase; border-width:2px; padding-right:var(--wp--preset--spacing--x-small);padding-left:var(--wp--preset--spacing--x-small);padding-top:10px;padding-bottom:10px;\" class=\"wp-block-read-more has-text-color has-foreground-color\" href=\"https:\/\/dangarita.mkgv1.com.es\/dangaritawp\/?p=90\" target=\"_self\">saber m\u00e1s<span class=\"screen-reader-text\">: Tu Hogar en Equilibrio: Almacenamiento Inteligente y el Poder de las Plantas<\/span><\/a>\n<\/li><li class=\"wp-block-post post-79 post type-post status-publish format-standard has-post-thumbnail hentry category-uncategorized\">\n<figure style=\"width:100%;height:240px; margin-bottom:var(--wp--preset--spacing--x-small);\" class=\"wp-block-post-featured-image\"><a href=\"https:\/\/dangarita.mkgv1.com.es\/dangaritawp\/?p=79\" target=\"_self\"  style=\"height:240px\"><img loading=\"lazy\" decoding=\"async\" width=\"347\" height=\"200\" src=\"https:\/\/dangarita.mkgv1.com.es\/dangaritawp\/wp-content\/uploads\/2025\/11\/Menos-caos-mas-glamour.-El-orden-que-libera-tu-creatividad.-1-4-e1763543729550.png\" class=\"attachment-post-thumbnail size-post-thumbnail wp-post-image\" alt=\"El Zen del Estilo: C\u00f3mo el Orden te Conecta con las Tendencias (Alma-Zen x Trendly)\" style=\"border-radius:5px;height:240px;object-fit:cover;\" srcset=\"https:\/\/dangarita.mkgv1.com.es\/dangaritawp\/wp-content\/uploads\/2025\/11\/Menos-caos-mas-glamour.-El-orden-que-libera-tu-creatividad.-1-4-e1763543729550.png 347w, https:\/\/dangarita.mkgv1.com.es\/dangaritawp\/wp-content\/uploads\/2025\/11\/Menos-caos-mas-glamour.-El-orden-que-libera-tu-creatividad.-1-4-e1763543729550-300x173.png 300w\" sizes=\"auto, 100vw\" \/><\/a><\/figure>\n\n<div style=\"margin-top:0;margin-bottom:0;\" class=\"has-link-color wp-elements-81b22c36d1d8b884fcf13a99846b36c3 wp-block-post-date has-text-color has-tertiary-color\"><time datetime=\"2025-11-04T11:40:00+00:00\">noviembre 4, 2025<\/time><\/div>\n\n<div class=\"has-link-color wp-elements-61eeeb1d6c31f3761cb8bc35b6e1a095 wp-block-post-excerpt has-text-color has-tertiary-color\"><p class=\"wp-block-post-excerpt__excerpt\">En un mundo que se mueve a la velocidad de un scroll infinito, encontrar la calma y el estilo en nuestro propio hogar se ha convertido en una necesidad, no en un lujo. Ya no se trata solo&hellip; <\/p><\/div>\n\n<a style=\"text-transform:uppercase; border-width:2px; padding-right:var(--wp--preset--spacing--x-small);padding-left:var(--wp--preset--spacing--x-small);padding-top:10px;padding-bottom:10px;\" class=\"wp-block-read-more has-text-color has-foreground-color\" href=\"https:\/\/dangarita.mkgv1.com.es\/dangaritawp\/?p=79\" target=\"_self\">saber m\u00e1s<span class=\"screen-reader-text\">: El Zen del Estilo: C\u00f3mo el Orden te Conecta con las Tendencias (Alma-Zen x Trendly)<\/span><\/a>\n<\/li><\/ul>\n\n<h3 style=\"margin-top:0;margin-bottom:var(--wp--preset--spacing--x-small);\" class=\"has-link-color wp-elements-2e75b4e4fab489cf445e03eda13279d1 wp-block-post-title\"><a href=\"https:\/\/dangarita.mkgv1.com.es\/dangaritawp\/\" target=\"_self\" >INICIO<\/a><\/h3>\n\n<\/div>\n\n\n\n<p class=\"has-text-align-left has-secondary-color has-text-color\"><\/p>\n<\/div>\n\n\n\n<p><\/p>\n","protected":false},"excerpt":{"rendered":"<p>LET&#8217;S WORK TOGETHER! Nuestros servicios Transformamos el caos en bienestar. En Alma-Zen, dise\u00f1amos sistemas de organizaci\u00f3n que se adaptan a tu ritmo de vida, garantizando funcionalidad, eficiencia y la calidez del dise\u00f1o efecto madera en cada rinc\u00f3n. About us Soy Diana, y s\u00e9 que el orden es el cimiento para el \u00e9xito adulto. Alma-zen es &hellip; <\/p>\n<p class=\"link-more\"><a href=\"https:\/\/dangarita.mkgv1.com.es\/dangaritawp\/\" class=\"more-link\">Leer m\u00e1s<span class=\"screen-reader-text\"> \u00abINICIO\u00bb<\/span><\/a><\/p>\n","protected":false},"author":1,"featured_media":248,"parent":0,"menu_order":0,"comment_status":"closed","ping_status":"closed","template":"page-templates\/homepage-builder-bb.php","meta":{"footnotes":""},"class_list":["post-15","page","type-page","status-publish","has-post-thumbnail","hentry"],"_links":{"self":[{"href":"https:\/\/dangarita.mkgv1.com.es\/dangaritawp\/index.php?rest_route=\/wp\/v2\/pages\/15","targetHints":{"allow":["GET"]}}],"collection":[{"href":"https:\/\/dangarita.mkgv1.com.es\/dangaritawp\/index.php?rest_route=\/wp\/v2\/pages"}],"about":[{"href":"https:\/\/dangarita.mkgv1.com.es\/dangaritawp\/index.php?rest_route=\/wp\/v2\/types\/page"}],"author":[{"embeddable":true,"href":"https:\/\/dangarita.mkgv1.com.es\/dangaritawp\/index.php?rest_route=\/wp\/v2\/users\/1"}],"replies":[{"embeddable":true,"href":"https:\/\/dangarita.mkgv1.com.es\/dangaritawp\/index.php?rest_route=%2Fwp%2Fv2%2Fcomments&post=15"}],"version-history":[{"count":34,"href":"https:\/\/dangarita.mkgv1.com.es\/dangaritawp\/index.php?rest_route=\/wp\/v2\/pages\/15\/revisions"}],"predecessor-version":[{"id":349,"href":"https:\/\/dangarita.mkgv1.com.es\/dangaritawp\/index.php?rest_route=\/wp\/v2\/pages\/15\/revisions\/349"}],"wp:featuredmedia":[{"embeddable":true,"href":"https:\/\/dangarita.mkgv1.com.es\/dangaritawp\/index.php?rest_route=\/wp\/v2\/media\/248"}],"wp:attachment":[{"href":"https:\/\/dangarita.mkgv1.com.es\/dangaritawp\/index.php?rest_route=%2Fwp%2Fv2%2Fmedia&parent=15"}],"curies":[{"name":"wp","href":"https:\/\/api.w.org\/{rel}","templated":true}]}}