{"id":16,"date":"2025-10-24T10:50:28","date_gmt":"2025-10-24T10:50:28","guid":{"rendered":"https:\/\/dangarita.mkgv1.com.es\/dangaritawp\/?page_id=16"},"modified":"2025-11-30T17:20:52","modified_gmt":"2025-11-30T17:20:52","slug":"acerca-de","status":"publish","type":"page","link":"https:\/\/dangarita.mkgv1.com.es\/dangaritawp\/?page_id=16","title":{"rendered":"prop\u00f3sito"},"content":{"rendered":"\n<blockquote class=\"wp-block-quote is-layout-flow wp-block-quote-is-layout-flow\">\n<h2 class=\"wp-block-heading has-large-font-size\" id=\"inspiro-is-a-digital-product-agency-that-focuses-on-strategy-and-design\" style=\"font-style:normal;font-weight:100\"><strong>Misi\u00f3n<\/strong><\/h2>\n<\/blockquote>\n\n\n\n<p>Mi misi\u00f3n en Alma-zen es ser el referente en organizaci\u00f3n de alto valor. Para lograrlo, ofrezco productos de dise\u00f1o Sostenible y Original que garantizan la m\u00e1xima Practicidad en los espacios vitales de mis clientes.<\/p>\n\n\n\n<p>Creo que el orden no es un fin, sino un medio. Por eso, Alma-zen facilita la estructura f\u00edsica y mental necesaria para que mis clientes construyan un hogar que refleje fielmente su aspiraci\u00f3n a la Claridad Mental y al \u00e9xito en su vida adulta. <\/p>\n\n\n\n<p>Impulsados por la Originalidad y la Sostenibilidad, nuestra asociaci\u00f3n es el brazo \u00e9tico de Alma-zen. Existimos para democratizar el acceso a la soluci\u00f3n de organizaci\u00f3n de alto valor, llevando la Practicidad y el dise\u00f1o accesible a aquellas personas y entornos que m\u00e1s necesitan recuperar la estructura y la Claridad Mental para alcanzar su m\u00e1ximo potencial.<\/p>\n\n\n\n<blockquote class=\"wp-block-quote is-layout-flow wp-block-quote-is-layout-flow\">\n<h2 class=\"wp-block-heading has-large-font-size\" style=\"font-style:normal;font-weight:100\">Visi\u00f3n<\/h2>\n<\/blockquote>\n\n\n\n<p>Ser reconocidos globalmente como la marca l\u00edder que redefini\u00f3 la organizaci\u00f3n, demostrando que la <strong>Practicidad<\/strong> en el dise\u00f1o <strong>Sostenible<\/strong> es la base para la <strong>Claridad Mental<\/strong>. Nuestra visi\u00f3n es crear un futuro donde el dise\u00f1o <strong>Original<\/strong> sea una herramienta de empoderamiento social y laboral para la juventud, construyendo un legado de estructuras funcionales y vidas con prop\u00f3sito.<\/p>\n\n\n\n<blockquote class=\"wp-block-quote is-layout-flow wp-block-quote-is-layout-flow\">\n<h1 class=\"wp-block-heading has-large-font-size\" id=\"inspiro-is-a-digital-product-agency-that-focuses-on-strategy-and-design\" style=\"font-style:normal;font-weight:100\">Nuestros valores <\/h1>\n<\/blockquote>\n\n\n\n<div class=\"wp-block-group alignwide has-global-padding is-layout-constrained wp-block-group-is-layout-constrained\">\n<div class=\"wp-block-columns alignwide are-vertically-aligned-bottom is-layout-flex wp-container-core-columns-is-layout-28f84493 wp-block-columns-is-layout-flex\">\n<div class=\"wp-block-column is-vertically-aligned-bottom is-layout-flow wp-block-column-is-layout-flow\">\n<figure class=\"wp-block-image size-large\"><img loading=\"lazy\" decoding=\"async\" width=\"1024\" height=\"768\" src=\"https:\/\/dangarita.mkgv1.com.es\/dangaritawp\/wp-content\/uploads\/2025\/11\/f.elconfidencial.com_original_193_8f7_25c_1938f725c5b18e6dd6bbc48cfd34a9a2-1024x768.jpg\" alt=\"\" class=\"wp-image-211\" srcset=\"https:\/\/dangarita.mkgv1.com.es\/dangaritawp\/wp-content\/uploads\/2025\/11\/f.elconfidencial.com_original_193_8f7_25c_1938f725c5b18e6dd6bbc48cfd34a9a2-1024x768.jpg 1024w, https:\/\/dangarita.mkgv1.com.es\/dangaritawp\/wp-content\/uploads\/2025\/11\/f.elconfidencial.com_original_193_8f7_25c_1938f725c5b18e6dd6bbc48cfd34a9a2-300x225.jpg 300w, https:\/\/dangarita.mkgv1.com.es\/dangaritawp\/wp-content\/uploads\/2025\/11\/f.elconfidencial.com_original_193_8f7_25c_1938f725c5b18e6dd6bbc48cfd34a9a2.jpg 1200w\" sizes=\"auto, (max-width: 1024px) 100vw, 1024px\" \/><\/figure>\n\n\n\n<pre class=\"wp-block-code has-secondary-color has-text-color has-large-font-size\" style=\"border-style:none;border-width:0px\"><code><code><strong>Practicidad<\/strong><\/code><\/code><\/pre>\n\n\n\n<p class=\"has-text-color\" style=\"color:#7a7a7a\">Creemos en la <strong>eficiencia del dise\u00f1o<\/strong>. Desarrollamos e implementamos sistemas de organizaci\u00f3n que son funcionales, intuitivos y que eliminan la fricci\u00f3n del d\u00eda a d\u00eda, permitiendo a las personas concentrarse en lo importante.<\/p>\n<\/div>\n\n\n\n<div class=\"wp-block-column is-layout-flow wp-block-column-is-layout-flow\">\n<figure class=\"wp-block-image size-full is-resized\"><img loading=\"lazy\" decoding=\"async\" width=\"500\" height=\"500\" src=\"https:\/\/dangarita.mkgv1.com.es\/dangaritawp\/wp-content\/uploads\/2025\/11\/utensilios-de-cocina.jpg\" alt=\"\" class=\"wp-image-212\" style=\"width:256px;height:auto\" srcset=\"https:\/\/dangarita.mkgv1.com.es\/dangaritawp\/wp-content\/uploads\/2025\/11\/utensilios-de-cocina.jpg 500w, https:\/\/dangarita.mkgv1.com.es\/dangaritawp\/wp-content\/uploads\/2025\/11\/utensilios-de-cocina-300x300.jpg 300w, https:\/\/dangarita.mkgv1.com.es\/dangaritawp\/wp-content\/uploads\/2025\/11\/utensilios-de-cocina-150x150.jpg 150w\" sizes=\"auto, (max-width: 500px) 100vw, 500px\" \/><\/figure>\n\n\n\n<p class=\"has-secondary-color has-text-color has-large-font-size\"><strong>Sostenibilidad<\/strong><\/p>\n\n\n\n<p class=\"has-text-color\" style=\"color:#7a7a7a\">Somos la vanguardia de la organizaci\u00f3n responsable. Utilizamos materiales ecol\u00f3gicos, fomentamos la reutilizaci\u00f3n y promovemos un consumo <strong>consciente y duradero<\/strong>, demostrando que la \u00e9tica y la calidad van de la mano.<\/p>\n<\/div>\n\n\n\n<div class=\"wp-block-column is-vertically-aligned-bottom is-layout-flow wp-block-column-is-layout-flow\">\n<figure class=\"wp-block-image size-large\"><img loading=\"lazy\" decoding=\"async\" width=\"1024\" height=\"683\" src=\"https:\/\/dangarita.mkgv1.com.es\/dangaritawp\/wp-content\/uploads\/2025\/11\/WLQC2WXDORCVRAYXWN7V7EBDDI-1024x683.jpg\" alt=\"\" class=\"wp-image-213\" srcset=\"https:\/\/dangarita.mkgv1.com.es\/dangaritawp\/wp-content\/uploads\/2025\/11\/WLQC2WXDORCVRAYXWN7V7EBDDI-1024x683.jpg 1024w, https:\/\/dangarita.mkgv1.com.es\/dangaritawp\/wp-content\/uploads\/2025\/11\/WLQC2WXDORCVRAYXWN7V7EBDDI-300x200.jpg 300w, https:\/\/dangarita.mkgv1.com.es\/dangaritawp\/wp-content\/uploads\/2025\/11\/WLQC2WXDORCVRAYXWN7V7EBDDI.jpg 1280w\" sizes=\"auto, (max-width: 1024px) 100vw, 1024px\" \/><\/figure>\n\n\n\n<p class=\"has-secondary-color has-text-color has-large-font-size\"><strong>Claridad mental<\/strong><\/p>\n\n\n\n<p class=\"has-text-color\" style=\"color:#7a7a7a\">Nuestro prop\u00f3sito va m\u00e1s all\u00e1 de lo f\u00edsico. El orden de Alma-zen es una herramienta para la <strong>paz mental<\/strong>. Facilitamos que las personas recuperen el control de su entorno para liberar su mente y enfocarse en alcanzar sus metas personales y profesionales.<\/p>\n<\/div>\n\n\n\n<div class=\"wp-block-column is-vertically-aligned-bottom is-layout-flow wp-block-column-is-layout-flow\">\n<figure class=\"wp-block-image size-large is-resized\"><img loading=\"lazy\" decoding=\"async\" width=\"683\" height=\"1024\" src=\"https:\/\/dangarita.mkgv1.com.es\/dangaritawp\/wp-content\/uploads\/2025\/11\/977575d3d4773a2e4aa38a9129963a73-683x1024.jpg\" alt=\"\" class=\"wp-image-216\" style=\"width:265px;height:auto\" srcset=\"https:\/\/dangarita.mkgv1.com.es\/dangaritawp\/wp-content\/uploads\/2025\/11\/977575d3d4773a2e4aa38a9129963a73-683x1024.jpg 683w, https:\/\/dangarita.mkgv1.com.es\/dangaritawp\/wp-content\/uploads\/2025\/11\/977575d3d4773a2e4aa38a9129963a73-200x300.jpg 200w, https:\/\/dangarita.mkgv1.com.es\/dangaritawp\/wp-content\/uploads\/2025\/11\/977575d3d4773a2e4aa38a9129963a73.jpg 896w\" sizes=\"auto, (max-width: 683px) 100vw, 683px\" \/><\/figure>\n\n\n\n<p class=\"has-secondary-color has-text-color has-large-font-size\"><strong>Originalidad<\/strong><\/p>\n\n\n\n<p class=\"has-text-color\" style=\"color:#7a7a7a\">Aplicamos un enfoque fresco e innovador, usando el dise\u00f1o como una soluci\u00f3n transformadora. Nuestra metodolog\u00eda es \u00fanica y accesible, basada en el principio de que la <strong>soluci\u00f3n m\u00e1s simple<\/strong> y original es a menudo la m\u00e1s potente.<\/p>\n<\/div>\n<\/div>\n<\/div>\n\n\n\n<h3 class=\"wp-block-heading has-large-font-size\" id=\"inspiro-is-a-digital-product-agency-that-focuses-on-strategy-and-desig\" style=\"font-style:normal;font-weight:300\">Tu Orden Financia un Futuro<\/h3>\n\n\n\n<p>Mi nombre es Diana, y Alma-zen no es solo una marca; es la soluci\u00f3n a un conflicto que me marc\u00f3 la infancia. Como muchos ni\u00f1os, yo era un torbellino de energ\u00eda <strong>rebelde<\/strong> y creatividad, y la \u00faltima cosa en mi mente era el orden. Viv\u00edamos en un espacio reducido, y para mi madre, la pulcritud no era una opci\u00f3n, era un principio fundamental. Ella cre\u00eda firmemente que el orden en el caj\u00f3n era el cimiento del orden en la vida.\u00bb<\/p>\n\n\n\n<p>La tensi\u00f3n era constante. Yo, en mi rebeld\u00eda, segu\u00eda desordenando. Y ella, en su estricta ense\u00f1anza, ten\u00eda un m\u00e9todo que me produc\u00eda una profunda ola de frustraci\u00f3n y, en mi mente de ni\u00f1a, un castigo: cada vez que abr\u00eda mi armario y encontraba el caos, <strong>sacaba absolutamente todo, y dejaba la monta\u00f1a de ropa desordenada sobre mi cama.<\/strong> Era una tarea obligatoria. Una humillaci\u00f3n silenciosa que me obligaba a ordenar, una y otra vez, sin entender jam\u00e1s la <strong>Practicidad<\/strong> de c\u00f3mo mantenerlo.<\/p>\n\n\n\n<p>Esa experiencia me dej\u00f3 una lecci\u00f3n dolorosa: el desorden es un obst\u00e1culo, pero la forma de combatirlo no puede ser la frustraci\u00f3n o la imposici\u00f3n. Debe ser la <strong>soluci\u00f3n<\/strong>. Si la gente, especialmente al independizarse entre los 25 y 30 a\u00f1os, enfrenta el mismo reto del caos en espacios reducidos, necesitan una herramienta que funcione. Naci\u00f3 Alma-zen: mi compromiso por ofrecer una <strong>Originalidad<\/strong> y una <strong>Practicidad<\/strong> que transforma el conflicto en control, con productos de dise\u00f1o <strong>Sostenible<\/strong> para un hogar \u00e9tico y eficiente.<\/p>\n\n\n\n<h4 class=\"wp-block-heading\">La Deuda con el Pasado <\/h4>\n\n\n\n<p>Sin embargo, el ciclo de la frustraci\u00f3n juvenil no termin\u00f3 con mi \u00e9xito. Mi historia de ni\u00f1a rebelde e incomprendida me oblig\u00f3 a mirar a los adolescentes que est\u00e1n en centros de menores. Ellos son la versi\u00f3n m\u00e1s vulnerable de mi propia frustraci\u00f3n infantil, lidiando con el caos sin un rumbo fijo. Tienen la energ\u00eda de la rebeld\u00eda, pero les falta la canalizaci\u00f3n.<\/p>\n\n\n\n<p><strong>La finalidad de nuestra asociaci\u00f3n es un contrato con el futuro:<\/strong> Usamos el dise\u00f1o como una herramienta de rehabilitaci\u00f3n. No les vendemos nada; les damos las herramientas para que no tengan que depender de nadie. Les ense\u00f1amos a ser ellos los creadores de su destino.<\/p>\n\n\n\n<h4 class=\"wp-block-heading\">El Dise\u00f1o como Herramienta de Empoderamiento<\/h4>\n\n\n\n<p>\u00abNuestro programa se centra en la <strong>Practicidad<\/strong> y la <strong>Originalidad<\/strong>. Los adolescentes aprenden:<\/p>\n\n\n\n<ul class=\"wp-block-list\">\n<li>A dise\u00f1ar y fabricar organizadores <strong>sostenibles<\/strong> de alto valor.<\/li>\n\n\n\n<li>Conocimiento laboral que les permite ver que un trabajo <strong>honrado y creativo<\/strong> es posible.<\/li>\n\n\n\n<li>A crear la <strong>necesidad<\/strong> de un espacio propio, bonito y con clase.<\/li>\n<\/ul>\n\n\n\n<p>Cada pieza que dise\u00f1an no es solo una manualidad; es la primera piedra de su futuro hogar. Es la prueba tangible de que el esfuerzo estructurado lleva a la <strong>Claridad Mental<\/strong> y a la <strong>dignidad<\/strong>.<\/p>\n\n\n\n<h4 class=\"wp-block-heading\"> Tu Compra es su Cimiento<\/h4>\n\n\n\n<p>Si t\u00fa, al independizarte y comprar en Alma-zen, est\u00e1s invirtiendo en tu propio orden y bienestar, <strong>tu compra tiene un segundo prop\u00f3sito mucho mayor<\/strong>.<\/p>\n\n\n\n<p>Cada producto de dise\u00f1o y <strong>Sostenibilidad<\/strong> que adquieres financia directamente las herramientas, el material y la mentor\u00eda que transforma la rebeld\u00eda de un joven en potencial productivo.<\/p>\n\n\n\n<p><strong>Alma-zen ordena tu presente; tu apoyo financia el futuro ordenado de alguien m\u00e1s.<\/strong> Nos ayudas a ofrecerles el mejor sistema: aquel que les da una segunda oportunidad, basada en el dise\u00f1o, la <strong>Originalidad<\/strong> y el trabajo.<\/p>\n\n\n<div class=\"is-default-size wp-block-site-logo\"><a href=\"https:\/\/dangarita.mkgv1.com.es\/dangaritawp\/\" class=\"custom-logo-link\" rel=\"home\"><img loading=\"lazy\" decoding=\"async\" width=\"488\" height=\"403\" src=\"https:\/\/dangarita.mkgv1.com.es\/dangaritawp\/wp-content\/uploads\/2025\/11\/cropped-Diseno-sin-titulo-1.png\" class=\"custom-logo\" alt=\"Alma-zen \" srcset=\"https:\/\/dangarita.mkgv1.com.es\/dangaritawp\/wp-content\/uploads\/2025\/11\/cropped-Diseno-sin-titulo-1.png 488w, https:\/\/dangarita.mkgv1.com.es\/dangaritawp\/wp-content\/uploads\/2025\/11\/cropped-Diseno-sin-titulo-1-300x248.png 300w\" sizes=\"auto, 100vw\" \/><\/a><\/div>\n\n\n<p><\/p>\n","protected":false},"excerpt":{"rendered":"<p>Misi\u00f3n Mi misi\u00f3n en Alma-zen es ser el referente en organizaci\u00f3n de alto valor. Para lograrlo, ofrezco productos de dise\u00f1o Sostenible y Original que garantizan la m\u00e1xima Practicidad en los espacios vitales de mis clientes. Creo que el orden no es un fin, sino un medio. Por eso, Alma-zen facilita la estructura f\u00edsica y mental &hellip; <\/p>\n<p class=\"link-more\"><a href=\"https:\/\/dangarita.mkgv1.com.es\/dangaritawp\/?page_id=16\" class=\"more-link\">Leer m\u00e1s<span class=\"screen-reader-text\"> \u00abprop\u00f3sito\u00bb<\/span><\/a><\/p>\n","protected":false},"author":1,"featured_media":236,"parent":0,"menu_order":0,"comment_status":"closed","ping_status":"closed","template":"","meta":{"footnotes":""},"class_list":["post-16","page","type-page","status-publish","has-post-thumbnail","hentry"],"_links":{"self":[{"href":"https:\/\/dangarita.mkgv1.com.es\/dangaritawp\/index.php?rest_route=\/wp\/v2\/pages\/16","targetHints":{"allow":["GET"]}}],"collection":[{"href":"https:\/\/dangarita.mkgv1.com.es\/dangaritawp\/index.php?rest_route=\/wp\/v2\/pages"}],"about":[{"href":"https:\/\/dangarita.mkgv1.com.es\/dangaritawp\/index.php?rest_route=\/wp\/v2\/types\/page"}],"author":[{"embeddable":true,"href":"https:\/\/dangarita.mkgv1.com.es\/dangaritawp\/index.php?rest_route=\/wp\/v2\/users\/1"}],"replies":[{"embeddable":true,"href":"https:\/\/dangarita.mkgv1.com.es\/dangaritawp\/index.php?rest_route=%2Fwp%2Fv2%2Fcomments&post=16"}],"version-history":[{"count":17,"href":"https:\/\/dangarita.mkgv1.com.es\/dangaritawp\/index.php?rest_route=\/wp\/v2\/pages\/16\/revisions"}],"predecessor-version":[{"id":256,"href":"https:\/\/dangarita.mkgv1.com.es\/dangaritawp\/index.php?rest_route=\/wp\/v2\/pages\/16\/revisions\/256"}],"wp:featuredmedia":[{"embeddable":true,"href":"https:\/\/dangarita.mkgv1.com.es\/dangaritawp\/index.php?rest_route=\/wp\/v2\/media\/236"}],"wp:attachment":[{"href":"https:\/\/dangarita.mkgv1.com.es\/dangaritawp\/index.php?rest_route=%2Fwp%2Fv2%2Fmedia&parent=16"}],"curies":[{"name":"wp","href":"https:\/\/api.w.org\/{rel}","templated":true}]}}